{"id":5410,"date":"2025-11-10T21:15:21","date_gmt":"2025-11-10T19:15:21","guid":{"rendered":"https:\/\/carmensanmiguel.com\/?page_id=5410"},"modified":"2025-11-10T21:26:52","modified_gmt":"2025-11-10T19:26:52","slug":"restaurante","status":"publish","type":"page","link":"https:\/\/carmensanmiguel.com\/en\/restaurante\/","title":{"rendered":"Restaurant"},"content":{"rendered":"<h2 id=\"restaurante\">Restaurant<\/h2>\r\n<p><img loading=\"lazy\" decoding=\"async\" title=\"Grupo 4\" src=\"https:\/\/carmensanmiguel.com\/wp-content\/uploads\/2022\/03\/Grupo-4.png\" alt=\"Grupo 4\" width=\"432\" height=\"34\" \/><\/p>\r\n<p>Restaurante Mirador Carmen de San Miguel is nestled in a place steeped in history and magic, on the slopes of the Alhambra in Granada and at the foot of Torres Bermejas.<\/p>\r\n<p>Located in the upper part of the popular neighborhood of Realejo, an old medieval Jewish city, it has been a silent witness to historical events such as the flight of the last Nasrid king Muhammad XII, Boabdil for Christians, and the passage of emblematic characters such as the illustrious Russian musician Mikhail Glinka, who during the winter of 1845-1846 studied the popular music of the time installed in this carmen. Enjoy beautiful views of Granada with dishes made with 100% Granada products.<\/p>\r\n<p><img loading=\"lazy\" decoding=\"async\" title=\"4\" src=\"https:\/\/carmensanmiguel.com\/wp-content\/uploads\/2022\/03\/4.png\" alt=\"4\" width=\"572\" height=\"885\" \/> <img loading=\"lazy\" decoding=\"async\" title=\"DSC_2967\" src=\"https:\/\/carmensanmiguel.com\/wp-content\/uploads\/2022\/03\/DSC_2967.png\" alt=\"DSC_2967\" width=\"560\" height=\"458\" \/><\/p>\r\n<h2 id=\"carmen\">Carmen<\/h2>\r\n<p><img loading=\"lazy\" decoding=\"async\" title=\"Grupo 5\" src=\"https:\/\/carmensanmiguel.com\/wp-content\/uploads\/2022\/03\/Grupo-5.png\" alt=\"Grupo 5\" width=\"306\" height=\"38\" \/><\/p>\r\n<p>La palabra \u00abCarmen\u00bb proviene, seg\u00fan est\u00e1 generalmente aceptado y as\u00ed lo recoge el Diccionario de la lengua espa\u00f1ola, de la voz ar\u00e1bigo-hispana karm que, en su acepci\u00f3n m\u00e1s amplia, significa \u00abvi\u00f1a\u00bb, aunque en \u00e9poca nazar\u00ed designaba un tipo de finca r\u00fastica situada extramuros de la ciudad de Granada.<\/p>\r\n<p>En un comienzo, el karm granadino ten\u00eda un car\u00e1cter eminentemente r\u00fastico, aunque m\u00e1s como finca de recreo que como explotaci\u00f3n agr\u00edcola, con vivienda, jard\u00edn y huertos, fuentes y albercas y, al menos en sus inicios, plantaciones de vid. Las peculiaridades actuales del \u00abcarmen granadino\u00bb se forjaron esencialmente a finales del siglo XVIII y comienzos del XIX, con un car\u00e1cter fuertemente rom\u00e1ntico.<\/p>\r\n<p><img loading=\"lazy\" decoding=\"async\" title=\"DSC_4502\" src=\"https:\/\/carmensanmiguel.com\/wp-content\/uploads\/2022\/03\/DSC_4502.png\" alt=\"DSC_4502\" width=\"572\" height=\"657\" \/><\/p>\r\n<p>Most of the c\u00e1rmenes that survive today belong to this period, restored and adapted to the new times, as is the case of Carmen de San Miguel.<\/p>\r\n<h2 id=\"granada\">Granada<\/h2>\r\n<p><img loading=\"lazy\" decoding=\"async\" title=\"Grupo 4\" src=\"https:\/\/carmensanmiguel.com\/wp-content\/uploads\/2022\/03\/Grupo-4.png\" alt=\"Grupo 4\" width=\"432\" height=\"34\" \/><\/p>\r\n<p>En apenas 13.000 kil\u00f3metros cuadrados de extensi\u00f3n, la provincia de Granada atesora una inimaginable cantidad y variedad de atractivos tur\u00edsticos: la Alhambra, uno de los monumentos m\u00e1s visitados de Espa\u00f1a y uno de los m\u00e1s bellos del mundo; Sierra Nevada, la estaci\u00f3n de esqu\u00ed m\u00e1s meridional de Europa; las playas de la Costa Tropical, a menos de 1 hora de la capital. Las posibilidades que ofrece Granada son m\u00faltiples en cualquier \u00e9poca del a\u00f1o: turismo cultural y monumental, rural y activo, de nieve y deportivo, de sol y playa, de congresos e incentivos, de ocio, de aprendizaje de idiomas&#8230;La ciudad de Granada embruja al visitante con su historia y monumentos.<\/p>\r\n<p><img loading=\"lazy\" decoding=\"async\" title=\"aerial-view-of-alhambra-fortress-2021-10-13-18-00-25-utc\" src=\"https:\/\/carmensanmiguel.com\/wp-content\/uploads\/2022\/03\/aerial-view-of-alhambra-fortress-2021-10-13-18-00-25-utc.png\" alt=\"aerial-view-of-alhambra-fortress-2021-10-13-18-00-25-utc\" width=\"1300\" height=\"587\" \/><\/p>\r\n<p>En un comienzo, el karm granadino ten\u00eda un car\u00e1cter eminentemente r\u00fastico, aunque m\u00e1s como finca de recreo que como explotaci\u00f3n agr\u00edcola, con vivienda, jard\u00edn y huertos, fuentes y albercas y, al menos en sus inicios, plantaciones de vid. Las peculiaridades actuales del \u00abcarmen granadino\u00bb se forjaron esencialmente a finales del siglo XVIII y comienzos del XIX, con un car\u00e1cter fuertemente rom\u00e1ntico.<\/p>\r\n\n<div class=\"wpcf7 no-js\" id=\"wpcf7-f5-o1\" lang=\"es-ES\" dir=\"ltr\" data-wpcf7-id=\"5\">\n<div class=\"screen-reader-response\"><p role=\"status\" aria-live=\"polite\" aria-atomic=\"true\"><\/p> <ul><\/ul><\/div>\n<form action=\"\/en\/wp-json\/wp\/v2\/pages\/5410#wpcf7-f5-o1\" method=\"post\" class=\"wpcf7-form init\" aria-label=\"Formulario de contacto\" novalidate=\"novalidate\" data-status=\"init\" data-trp-original-action=\"\/en\/wp-json\/wp\/v2\/pages\/5410#wpcf7-f5-o1\">\n<fieldset class=\"hidden-fields-container\"><input type=\"hidden\" name=\"_wpcf7\" value=\"5\" \/><input type=\"hidden\" name=\"_wpcf7_version\" value=\"6.1.5\" \/><input type=\"hidden\" name=\"_wpcf7_locale\" value=\"es_ES\" \/><input type=\"hidden\" name=\"_wpcf7_unit_tag\" value=\"wpcf7-f5-o1\" \/><input type=\"hidden\" name=\"_wpcf7_container_post\" value=\"0\" \/><input type=\"hidden\" name=\"_wpcf7_posted_data_hash\" value=\"\" \/><input type=\"hidden\" name=\"_wpcf7_recaptcha_response\" value=\"\" \/>\n<\/fieldset>\n<p><span class=\"texto\">Applicant details<\/span>\n<\/p>\n<p><span class=\"wpcf7-form-control-wrap\" data-name=\"nombre\"><input size=\"40\" maxlength=\"400\" class=\"wpcf7-form-control wpcf7-text wpcf7-validates-as-required\" aria-required=\"true\" aria-invalid=\"false\" placeholder=\"Name\" value=\"\" type=\"text\" name=\"nombre\" \/><\/span>\n<\/p>\n<p><span class=\"wpcf7-form-control-wrap\" data-name=\"apellidos\"><input size=\"40\" maxlength=\"400\" class=\"wpcf7-form-control wpcf7-text wpcf7-validates-as-required\" aria-required=\"true\" aria-invalid=\"false\" placeholder=\"Surname\" value=\"\" type=\"text\" name=\"apellidos\" \/><\/span>\n<\/p>\n<p><span class=\"wpcf7-form-control-wrap\" data-name=\"telefono\"><input size=\"40\" maxlength=\"400\" class=\"wpcf7-form-control wpcf7-text wpcf7-validates-as-required\" aria-required=\"true\" aria-invalid=\"false\" placeholder=\"Telephone\" value=\"\" type=\"text\" name=\"telefono\" \/><\/span>\n<\/p>\n<p><span class=\"wpcf7-form-control-wrap\" data-name=\"email\"><input size=\"40\" maxlength=\"400\" class=\"wpcf7-form-control wpcf7-email wpcf7-validates-as-required wpcf7-text wpcf7-validates-as-email\" aria-required=\"true\" aria-invalid=\"false\" placeholder=\"Email\" value=\"\" type=\"email\" name=\"email\" \/><\/span>\n<\/p>\n<p><label> Chosen menu<br \/>\n<span class=\"wpcf7-form-control-wrap\" data-name=\"menu-985\"><select class=\"wpcf7-form-control wpcf7-select wpcf7-validates-as-required\" aria-required=\"true\" aria-invalid=\"false\" name=\"menu-985\"><option value=\"Men\u00fa Degustaci\u00f3n Granada M\u00e1gica 62,50 \u20ac por persona IVA incl.\">Men\u00fa Degustaci\u00f3n Granada M\u00e1gica 62,50 \u20ac por persona IVA incl.<\/option><option value=\"Men\u00fa Degustaci\u00f3n Granada Eterna 80 \u20ac por persona IVA incl.\">Men\u00fa Degustaci\u00f3n Granada Eterna 80 \u20ac por persona IVA incl.<\/option><\/select><\/span> <\/label>\n<\/p>\n<p><label> Number of diners<br \/>\n<span class=\"wpcf7-form-control-wrap\" data-name=\"menu-986\"><select class=\"wpcf7-form-control wpcf7-select wpcf7-validates-as-required\" aria-required=\"true\" aria-invalid=\"false\" name=\"menu-986\"><option value=\"1 Persona\">1 Persona<\/option><option value=\"2 Personas\">2 Personas<\/option><option value=\"3 Personas\">3 Personas<\/option><option value=\"4 Personas\">4 Personas<\/option><option value=\"5 Personas\">5 Personas<\/option><option value=\"6 Personas o m\u00e1s\">6 Personas o m\u00e1s<\/option><\/select><\/span> <\/label>\n<\/p>\n<p><label> Data of the invited person(s)<br \/>\n<span class=\"wpcf7-form-control-wrap\" data-name=\"invitado\"><input size=\"40\" maxlength=\"400\" class=\"wpcf7-form-control wpcf7-text wpcf7-validates-as-required\" aria-required=\"true\" aria-invalid=\"false\" placeholder=\"Name of invited person(s)\" value=\"\" type=\"text\" name=\"invitado\" \/><\/span> <\/label>\n<\/p>\n<p><label> Text of the invitation<br \/>\n<span class=\"wpcf7-form-control-wrap\" data-name=\"your-message\"><textarea cols=\"40\" rows=\"10\" maxlength=\"2000\" class=\"wpcf7-form-control wpcf7-textarea\" aria-invalid=\"false\" placeholder=\"Text of the invitation\" name=\"your-message\"><\/textarea><\/span> <\/label>\n<\/p>\n<p><span class=\"wpcf7-form-control-wrap\" data-name=\"acceptance-726\"><span class=\"wpcf7-form-control wpcf7-acceptance\"><span class=\"wpcf7-list-item\"><label><input type=\"checkbox\" name=\"acceptance-726\" value=\"1\" aria-invalid=\"false\" \/><span class=\"wpcf7-list-item-label\">I expressly consent to the <a href=\"https:\/\/carmensanmiguel.com\/en\/politica-de-privacidad-tarjeta-de-regalo\/\" target=\"_blank\">privacy policy<\/a><\/span><\/label><\/span><\/span><\/span>\n<\/p>\n<p><span class=\"wpcf7-form-control-wrap\" data-name=\"acceptance-727\"><span class=\"wpcf7-form-control wpcf7-acceptance\"><span class=\"wpcf7-list-item\"><label><input type=\"checkbox\" name=\"acceptance-727\" value=\"1\" aria-invalid=\"false\" \/><span class=\"wpcf7-list-item-label\">I expressly consent to the <a href=\"https:\/\/carmensanmiguel.com\/en\/condiciones-de-compra\/\" target=\"_blank\">purchase conditions<\/a><\/span><\/label><\/span><\/span><\/span>\n<\/p>\n<p><input class=\"wpcf7-form-control wpcf7-submit has-spinner\" type=\"submit\" value=\"Send\" \/>\n<\/p><div class=\"wpcf7-response-output\" aria-hidden=\"true\"><\/div>\n<input type=\"hidden\" name=\"trp-form-language\" value=\"en\"\/><\/form>\n<\/div>","protected":false},"excerpt":{"rendered":"<p>Restaurante El Restaurante Mirador Carmen de San Miguel se encuentra enclavado en un lugar cargado de historia y magia, a la ladera de la Alhambra de Granada y a los pies de Torres Bermejas. Ubicado en la parte alta del popular barrio del Realejo, antigua ciudad medieval jud\u00eda, ha sido testigo mudo de sucesos hist\u00f3ricos &#8230; <a title=\"Restaurant\" class=\"read-more\" href=\"https:\/\/carmensanmiguel.com\/en\/restaurante\/\" aria-label=\"Read more about Restaurante\">Read more<\/a><\/p>","protected":false},"author":2,"featured_media":0,"parent":0,"menu_order":0,"comment_status":"closed","ping_status":"closed","template":"","meta":{"footnotes":""},"class_list":["post-5410","page","type-page","status-publish"],"_links":{"self":[{"href":"https:\/\/carmensanmiguel.com\/en\/wp-json\/wp\/v2\/pages\/5410","targetHints":{"allow":["GET"]}}],"collection":[{"href":"https:\/\/carmensanmiguel.com\/en\/wp-json\/wp\/v2\/pages"}],"about":[{"href":"https:\/\/carmensanmiguel.com\/en\/wp-json\/wp\/v2\/types\/page"}],"author":[{"embeddable":true,"href":"https:\/\/carmensanmiguel.com\/en\/wp-json\/wp\/v2\/users\/2"}],"replies":[{"embeddable":true,"href":"https:\/\/carmensanmiguel.com\/en\/wp-json\/wp\/v2\/comments?post=5410"}],"version-history":[{"count":0,"href":"https:\/\/carmensanmiguel.com\/en\/wp-json\/wp\/v2\/pages\/5410\/revisions"}],"wp:attachment":[{"href":"https:\/\/carmensanmiguel.com\/en\/wp-json\/wp\/v2\/media?parent=5410"}],"curies":[{"name":"wp","href":"https:\/\/api.w.org\/{rel}","templated":true}]}}